{"id":3664,"date":"2023-04-03T13:44:01","date_gmt":"2023-04-03T13:44:01","guid":{"rendered":"https:\/\/origenes.astara.es\/politica-de-privacidad\/"},"modified":"2023-04-03T15:59:41","modified_gmt":"2023-04-03T15:59:41","slug":"politica-de-privacidad","status":"publish","type":"page","link":"https:\/\/origenes.astara.es\/en\/politica-de-privacidad\/","title":{"rendered":"Privacy Policy"},"content":{"rendered":"<div data-colibri-id=\"3664-c1\" class=\"style-2500 style-local-3664-c1 position-relative\">\n  <!---->\n  <div data-colibri-component=\"section\" data-colibri-id=\"3664-c2\" id=\"custom\" class=\"h-section h-section-global-spacing d-flex align-items-lg-center align-items-md-center align-items-center style-2501 style-local-3664-c2 position-relative\">\n    <!---->\n    <!---->\n    <div class=\"h-section-grid-container h-section-boxed-container\">\n      <!---->\n      <div data-colibri-id=\"3664-c3\" class=\"h-row-container gutters-row-lg-2 gutters-row-md-2 gutters-row-0 gutters-row-v-lg-2 gutters-row-v-md-2 gutters-row-v-2 style-2504 style-local-3664-c3 position-relative\">\n        <!---->\n        <div class=\"h-row justify-content-lg-center justify-content-md-center justify-content-center align-items-lg-stretch align-items-md-stretch align-items-stretch gutters-col-lg-2 gutters-col-md-2 gutters-col-0 gutters-col-v-lg-2 gutters-col-v-md-2 gutters-col-v-2\">\n          <!---->\n          <div class=\"h-column h-column-container d-flex h-col-lg-auto h-col-md-auto h-col-auto style-2505-outer style-local-3664-c4-outer\">\n            <div data-colibri-id=\"3664-c4\" class=\"d-flex h-flex-basis h-column__inner h-px-lg-2 h-px-md-2 h-px-2 v-inner-lg-2 v-inner-md-2 v-inner-2 style-2505 style-local-3664-c4 position-relative\">\n              <!---->\n              <!---->\n              <div class=\"w-100 h-y-container h-column__content h-column__v-align flex-basis-100 align-self-lg-start align-self-md-start align-self-start\">\n                <!---->\n                <div data-colibri-id=\"3664-c5\" class=\"h-global-transition-all h-heading style-2507 style-local-3664-c5 position-relative h-element\">\n                  <!---->\n                  <div class=\"h-heading__outer style-2507 style-local-3664-c5\">\n                    <!---->\n                    <!---->\n                    <h1 class=\"\">Privacy Policy<\/h1>\n                  <\/div>\n                <\/div>\n                <div data-colibri-id=\"3664-c6\" class=\"h-text h-text-component style-2506 style-local-3664-c6 position-relative h-element\">\n                  <!---->\n                  <!---->\n                  <div class=\"\">\n                    <p><strong style=\"font-weight: 700; font-family: Montserrat;\">INFORMACI\u00d3N B\u00c1SICA SOBRE PROTECCI\u00d3N DE DATOS<\/strong><\/p>\n                    <p>\n                      <br>\n                    <\/p>\n                    <p><strong style=\"font-family: Montserrat; font-weight: 700;\">Sitio Web<\/strong><span style=\"font-family: Montserrat;\">: https:\/\/origenes.astara.es<\/span><\/p>\n                    <p><strong style=\"font-family: Montserrat; font-weight: 700;\">Responsable del tratamiento de datos:&nbsp;<\/strong><span style=\"font-family: Montserrat;\">Jos\u00e9 Carlos Hermida Congosto CIF:<\/span>77804641-B &#8211; Passatge del Com\u00fa, 10 08348,\n                      Cabrils (Barcelona)<\/p>\n                    <p><span style=\"font-family: Montserrat;\">E-mail:info@astara.es<\/span><\/p>\n                    <p><strong style=\"font-family: Montserrat; font-weight: 700; font-size: 16px; color: rgb(37, 41, 42);\">Actividad<\/strong><span style=\"font-family: Montserrat; font-weight: 400; font-size: 16px; color: rgb(37, 41, 42);\">: Dise\u00f1o y organizaci\u00f3n de viajes<\/span><\/p>\n                    <p><strong style=\"font-family: Montserrat; font-weight: 700;\">Legitimaci\u00f3n:<\/strong><span style=\"font-family: Montserrat;\">&nbsp;Consentimiento otorgado por el usuario<\/span><\/p>\n                    <p><strong style=\"font-family: Montserrat; font-weight: 700;\">Edad legal consentimiento:&nbsp;<\/strong><span style=\"font-family: Montserrat;\">El Usuario certifica que es mayor de 14 a\u00f1os y que por lo tanto posee la capacidad legal necesaria para la prestaci\u00f3n del consentimiento en cuanto al tratamiento de sus datos de car\u00e1cter personal y todo ello, de conformidad con lo establecido en la presente Pol\u00edtica de Privacidad.<\/span><\/p>\n                    <p><strong style=\"font-family: Montserrat; font-weight: 700;\">Derechos:<\/strong><span style=\"font-family: Montserrat;\">&nbsp;Acceder, rectificar y suprimir los datos, as\u00ed como otros derechos, como se explica en la informaci\u00f3n adicional.<\/span><\/p>\n                    <p><strong style=\"font-family: Montserrat; font-weight: 700;\">Protecci\u00f3n de Datos de Car\u00e1cter Personal<\/strong><\/p>\n                    <p><span style=\"font-family: Montserrat;\">Astara Or\u00edgenes es consciente de la importancia de la privacidad de los datos de car\u00e1cter personal y por ello, ha implementado una pol\u00edtica de tratamiento de datos orientada a proveer la m\u00e1xima seguridad en el uso y recogida de los mismos, garantizando el cumplimiento de la normativa vigente en la materia y configurando dicha pol\u00edtica como uno de los pilares b\u00e1sicos en las l\u00edneas de actuaci\u00f3n de la entidad.<\/span><\/p>\n                    <p><span style=\"font-family: Montserrat;\">Durante la navegaci\u00f3n a trav\u00e9s de la web <\/span><em style=\"font-family: Montserrat;\">www.origenes.astara.es<\/em><span style=\"font-family: Montserrat;\"> es posible que se soliciten datos de car\u00e1cter personal a trav\u00e9s de diferentes formularios dispuestos al efecto. Dichos datos formar\u00e1n parte de los pertinentes ficheros en funci\u00f3n de la finalidad determinada y concreta que motiva el recabo de los mismos.<\/span><\/p>\n                    <p><span style=\"font-family: Montserrat;\">De esta forma, la informaci\u00f3n particular de cada tratamiento de datos se aportar\u00e1 junto a cada formulario web, siendo com\u00fan a todos ellos el responsable del fichero: Jos\u00e9 Carlos Hermida Congosto domiciliado en Passatge del Com\u00fa, 10 08348 Barcelona, as\u00ed como el lugar y forma de ejercicio de los derechos de acceso, rectificaci\u00f3n, cancelaci\u00f3n y oposici\u00f3n, que deber\u00e1 formalizarse mediante una comunicaci\u00f3n escrita a la direcci\u00f3n indicada anteriormente incluyendo copia del DNI o documento identificativo equivalente.<\/span><\/p>\n                    <p><span style=\"font-family: Montserrat;\">En el supuesto de que aporte sus datos a trav\u00e9s de un mensaje de correo electr\u00f3nico, el mismo formar\u00e1 parte de un fichero cuya finalidad ser\u00e1 la gesti\u00f3n de la solicitud o comentario que nos realiza, siendo aplicables el resto de extremos indicados en el p\u00e1rrafo anterior.<\/span><\/p>\n                    <p><strong style=\"font-family: Montserrat; font-weight: 700;\">Destinatarios:<\/strong><span style=\"font-family: Montserrat;\">&nbsp;Se comunicar\u00e1n datos a terceros para poder llevar a cabo las finalidades descritas en la presente pol\u00edtica de privacidad. En ning\u00fan caso se ceder\u00e1n datos a terceros para finalidades diferentes a las descritas en este documento.<\/span><\/p>\n                    <p>Para el tratamiento de los datos tenemos contratados a los siguientes prestadores de servicios externos, cumplen con la normativa vigente en relaci\u00f3n a la protecci\u00f3n de datos:<\/p>\n                    <ul>\n                      <li><strong>OVH<\/strong>&nbsp;<strong>HISPANO SL<\/strong>, NIF: B-83834747 Domicilio Social C\/Alcal\u00e1 21 5\u00aaplanta 28014 Madrid (Espa\u00f1a), que proporciona los servicios de alojamiento web (hosting). Se puede consultar la pol\u00edtica de privacidad\n                        y dem\u00e1s aspectos legales de dicha compa\u00f1\u00eda en el siguiente enlace: https:\/\/www.ovhcloud.com\/es-es\/terms-and-conditions<\/li>\n                    <\/ul>\n                    <p>En el caso de solicitar la realizaci\u00f3n de la reserva de un viaje, los datos se comunicar\u00e1n a:<\/p>\n                    <p><span style=\"font-family: Montserrat;\">Asimismo, las condiciones generales de contrataci\u00f3n de los servicios de Astara Or\u00edgenes contienen las caracter\u00edsticas y naturaleza del tratamiento de los datos que ser\u00e1n desarrollados por la misma en el supuesto de que contrate cualquiera de ellos.<\/span><\/p>\n                    <p><span style=\"font-family: Montserrat;\">Por otro lado, Astara Or\u00edgenes ha implantado las medidas t\u00e9cnicas y organizativas necesarias para evitar la p\u00e9rdida, mal uso, alteraci\u00f3n, acceso no autorizado y robo de los Datos Personales que los interesados pudieran facilitar como consecuencia del acceso a las diferentes secciones del web site <\/span>\n                      <em\n                        style=\"font-family: Montserrat;\">www.origenes.astara.es<\/em><span style=\"font-family: Montserrat;\">, aplicando las medidas de seguridad contempladas en el Real Decreto 1720\/2007, de 21 de diciembre, por el que se aprueba el Reglamento de desarrollo de la Ley Org\u00e1nica 15\/1999, de 13 de diciembre, de Protecci\u00f3n de Datos de Car\u00e1cter Personal.<\/span><\/p>\n                    <p>\n                      <br>\n                    <\/p>\n                  <\/div>\n                <\/div>\n              <\/div>\n            <\/div>\n          <\/div>\n        <\/div>\n      <\/div>\n    <\/div>\n  <\/div>\n<\/div>","protected":false},"excerpt":{"rendered":"<p>Pol\u00edtica de Privacidad INFORMACI\u00d3N B\u00c1SICA SOBRE PROTECCI\u00d3N DE DATOS Sitio Web: https:\/\/origenes.astara.es Responsable del tratamiento de datos:&nbsp;Jos\u00e9 Carlos Hermida Congosto CIF:77804641-B &#8211; Passatge del Com\u00fa, 10 08348, Cabrils (Barcelona) E-mail:info@astara.es Actividad: Dise\u00f1o y organizaci\u00f3n de viajes Legitimaci\u00f3n:&nbsp;Consentimiento otorgado por el usuario Edad legal consentimiento:&nbsp;El Usuario certifica que es mayor de 14 a\u00f1os y que por [&hellip;]<\/p>\n","protected":false},"author":1,"featured_media":0,"parent":0,"menu_order":0,"comment_status":"closed","ping_status":"closed","template":"page-templates\/full-width-page.php","meta":{"ngg_post_thumbnail":0,"footnotes":""},"class_list":["post-3664","page","type-page","status-publish","hentry"],"yoast_head":"<!-- This site is optimized with the Yoast SEO plugin v27.0 - https:\/\/yoast.com\/product\/yoast-seo-wordpress\/ -->\n<title>Pol\u00edtica de Privacidad - Or\u00edgenes<\/title>\n<meta name=\"robots\" content=\"index, follow, max-snippet:-1, max-image-preview:large, max-video-preview:-1\" \/>\n<link rel=\"canonical\" href=\"https:\/\/origenes.astara.es\/en\/politica-de-privacidad\/\" \/>\n<meta property=\"og:locale\" content=\"en_GB\" \/>\n<meta property=\"og:type\" content=\"article\" \/>\n<meta property=\"og:title\" content=\"Pol\u00edtica de Privacidad - Or\u00edgenes\" \/>\n<meta property=\"og:description\" content=\"Pol\u00edtica de Privacidad INFORMACI\u00d3N B\u00c1SICA SOBRE PROTECCI\u00d3N DE DATOS Sitio Web: https:\/\/origenes.astara.es Responsable del tratamiento de datos:&nbsp;Jos\u00e9 Carlos Hermida Congosto CIF:77804641-B &#8211; Passatge del Com\u00fa, 10 08348, Cabrils (Barcelona) E-mail:info@astara.es Actividad: Dise\u00f1o y organizaci\u00f3n de viajes Legitimaci\u00f3n:&nbsp;Consentimiento otorgado por el usuario Edad legal consentimiento:&nbsp;El Usuario certifica que es mayor de 14 a\u00f1os y que por [&hellip;]\" \/>\n<meta property=\"og:url\" content=\"https:\/\/origenes.astara.es\/en\/politica-de-privacidad\/\" \/>\n<meta property=\"og:site_name\" content=\"Or\u00edgenes\" \/>\n<meta property=\"article:modified_time\" content=\"2023-04-03T15:59:41+00:00\" \/>\n<meta property=\"og:image\" content=\"https:\/\/origenes.astara.es\/wp-content\/uploads\/2023\/03\/logo-preview-web.png\" \/>\n\t<meta property=\"og:image:width\" content=\"1920\" \/>\n\t<meta property=\"og:image:height\" content=\"1080\" \/>\n\t<meta property=\"og:image:type\" content=\"image\/png\" \/>\n<meta name=\"twitter:card\" content=\"summary_large_image\" \/>\n<meta name=\"twitter:label1\" content=\"Estimated reading time\" \/>\n\t<meta name=\"twitter:data1\" content=\"3 minutes\" \/>\n<script type=\"application\/ld+json\" class=\"yoast-schema-graph\">{\"@context\":\"https:\/\/schema.org\",\"@graph\":[{\"@type\":\"WebPage\",\"@id\":\"https:\/\/origenes.astara.es\/politica-de-privacidad\/\",\"url\":\"https:\/\/origenes.astara.es\/politica-de-privacidad\/\",\"name\":\"Pol\u00edtica de Privacidad - Or\u00edgenes\",\"isPartOf\":{\"@id\":\"https:\/\/origenes.astara.es\/#website\"},\"datePublished\":\"2023-04-03T13:44:01+00:00\",\"dateModified\":\"2023-04-03T15:59:41+00:00\",\"breadcrumb\":{\"@id\":\"https:\/\/origenes.astara.es\/politica-de-privacidad\/#breadcrumb\"},\"inLanguage\":\"en-GB\",\"potentialAction\":[{\"@type\":\"ReadAction\",\"target\":[\"https:\/\/origenes.astara.es\/politica-de-privacidad\/\"]}]},{\"@type\":\"BreadcrumbList\",\"@id\":\"https:\/\/origenes.astara.es\/politica-de-privacidad\/#breadcrumb\",\"itemListElement\":[{\"@type\":\"ListItem\",\"position\":1,\"name\":\"Portada\",\"item\":\"https:\/\/origenes.astara.es\/\"},{\"@type\":\"ListItem\",\"position\":2,\"name\":\"Pol\u00edtica de Privacidad\"}]},{\"@type\":\"WebSite\",\"@id\":\"https:\/\/origenes.astara.es\/#website\",\"url\":\"https:\/\/origenes.astara.es\/\",\"name\":\"Or\u00edgenes\",\"description\":\"Tu viaje comienza\",\"publisher\":{\"@id\":\"https:\/\/origenes.astara.es\/#\/schema\/person\/1b463cd56be5bb213338b0a50281e544\"},\"potentialAction\":[{\"@type\":\"SearchAction\",\"target\":{\"@type\":\"EntryPoint\",\"urlTemplate\":\"https:\/\/origenes.astara.es\/?s={search_term_string}\"},\"query-input\":{\"@type\":\"PropertyValueSpecification\",\"valueRequired\":true,\"valueName\":\"search_term_string\"}}],\"inLanguage\":\"en-GB\"},{\"@type\":[\"Person\",\"Organization\"],\"@id\":\"https:\/\/origenes.astara.es\/#\/schema\/person\/1b463cd56be5bb213338b0a50281e544\",\"name\":\"Origenes\",\"image\":{\"@type\":\"ImageObject\",\"inLanguage\":\"en-GB\",\"@id\":\"https:\/\/origenes.astara.es\/#\/schema\/person\/image\/\",\"url\":\"https:\/\/origenes.astara.es\/wp-content\/uploads\/2023\/03\/cropped-O-de-origenes-cuadrado-2.png\",\"contentUrl\":\"https:\/\/origenes.astara.es\/wp-content\/uploads\/2023\/03\/cropped-O-de-origenes-cuadrado-2.png\",\"width\":512,\"height\":512,\"caption\":\"Origenes\"},\"logo\":{\"@id\":\"https:\/\/origenes.astara.es\/#\/schema\/person\/image\/\"},\"sameAs\":[\"https:\/\/origenes.astara.es\",\"https:\/\/www.instagram.com\/_astara.es\/\"]}]}<\/script>\n<!-- \/ Yoast SEO plugin. -->","yoast_head_json":{"title":"Pol\u00edtica de Privacidad - Or\u00edgenes","robots":{"index":"index","follow":"follow","max-snippet":"max-snippet:-1","max-image-preview":"max-image-preview:large","max-video-preview":"max-video-preview:-1"},"canonical":"https:\/\/origenes.astara.es\/en\/politica-de-privacidad\/","og_locale":"en_GB","og_type":"article","og_title":"Pol\u00edtica de Privacidad - Or\u00edgenes","og_description":"Pol\u00edtica de Privacidad INFORMACI\u00d3N B\u00c1SICA SOBRE PROTECCI\u00d3N DE DATOS Sitio Web: https:\/\/origenes.astara.es Responsable del tratamiento de datos:&nbsp;Jos\u00e9 Carlos Hermida Congosto CIF:77804641-B &#8211; Passatge del Com\u00fa, 10 08348, Cabrils (Barcelona) E-mail:info@astara.es Actividad: Dise\u00f1o y organizaci\u00f3n de viajes Legitimaci\u00f3n:&nbsp;Consentimiento otorgado por el usuario Edad legal consentimiento:&nbsp;El Usuario certifica que es mayor de 14 a\u00f1os y que por [&hellip;]","og_url":"https:\/\/origenes.astara.es\/en\/politica-de-privacidad\/","og_site_name":"Or\u00edgenes","article_modified_time":"2023-04-03T15:59:41+00:00","og_image":[{"width":1920,"height":1080,"url":"https:\/\/origenes.astara.es\/wp-content\/uploads\/2023\/03\/logo-preview-web.png","type":"image\/png"}],"twitter_card":"summary_large_image","twitter_misc":{"Estimated reading time":"3 minutes"},"schema":{"@context":"https:\/\/schema.org","@graph":[{"@type":"WebPage","@id":"https:\/\/origenes.astara.es\/politica-de-privacidad\/","url":"https:\/\/origenes.astara.es\/politica-de-privacidad\/","name":"Pol\u00edtica de Privacidad - Or\u00edgenes","isPartOf":{"@id":"https:\/\/origenes.astara.es\/#website"},"datePublished":"2023-04-03T13:44:01+00:00","dateModified":"2023-04-03T15:59:41+00:00","breadcrumb":{"@id":"https:\/\/origenes.astara.es\/politica-de-privacidad\/#breadcrumb"},"inLanguage":"en-GB","potentialAction":[{"@type":"ReadAction","target":["https:\/\/origenes.astara.es\/politica-de-privacidad\/"]}]},{"@type":"BreadcrumbList","@id":"https:\/\/origenes.astara.es\/politica-de-privacidad\/#breadcrumb","itemListElement":[{"@type":"ListItem","position":1,"name":"Portada","item":"https:\/\/origenes.astara.es\/"},{"@type":"ListItem","position":2,"name":"Pol\u00edtica de Privacidad"}]},{"@type":"WebSite","@id":"https:\/\/origenes.astara.es\/#website","url":"https:\/\/origenes.astara.es\/","name":"Origins","description":"Your journey begins","publisher":{"@id":"https:\/\/origenes.astara.es\/#\/schema\/person\/1b463cd56be5bb213338b0a50281e544"},"potentialAction":[{"@type":"SearchAction","target":{"@type":"EntryPoint","urlTemplate":"https:\/\/origenes.astara.es\/?s={search_term_string}"},"query-input":{"@type":"PropertyValueSpecification","valueRequired":true,"valueName":"search_term_string"}}],"inLanguage":"en-GB"},{"@type":["Person","Organization"],"@id":"https:\/\/origenes.astara.es\/#\/schema\/person\/1b463cd56be5bb213338b0a50281e544","name":"Origenes","image":{"@type":"ImageObject","inLanguage":"en-GB","@id":"https:\/\/origenes.astara.es\/#\/schema\/person\/image\/","url":"https:\/\/origenes.astara.es\/wp-content\/uploads\/2023\/03\/cropped-O-de-origenes-cuadrado-2.png","contentUrl":"https:\/\/origenes.astara.es\/wp-content\/uploads\/2023\/03\/cropped-O-de-origenes-cuadrado-2.png","width":512,"height":512,"caption":"Origenes"},"logo":{"@id":"https:\/\/origenes.astara.es\/#\/schema\/person\/image\/"},"sameAs":["https:\/\/origenes.astara.es","https:\/\/www.instagram.com\/_astara.es\/"]}]}},"_links":{"self":[{"href":"https:\/\/origenes.astara.es\/en\/wp-json\/wp\/v2\/pages\/3664","targetHints":{"allow":["GET"]}}],"collection":[{"href":"https:\/\/origenes.astara.es\/en\/wp-json\/wp\/v2\/pages"}],"about":[{"href":"https:\/\/origenes.astara.es\/en\/wp-json\/wp\/v2\/types\/page"}],"author":[{"embeddable":true,"href":"https:\/\/origenes.astara.es\/en\/wp-json\/wp\/v2\/users\/1"}],"replies":[{"embeddable":true,"href":"https:\/\/origenes.astara.es\/en\/wp-json\/wp\/v2\/comments?post=3664"}],"version-history":[{"count":0,"href":"https:\/\/origenes.astara.es\/en\/wp-json\/wp\/v2\/pages\/3664\/revisions"}],"wp:attachment":[{"href":"https:\/\/origenes.astara.es\/en\/wp-json\/wp\/v2\/media?parent=3664"}],"curies":[{"name":"wp","href":"https:\/\/api.w.org\/{rel}","templated":true}]}}